{"id":12851,"date":"2020-08-02T17:33:38","date_gmt":"2020-08-02T15:33:38","guid":{"rendered":"https:\/\/www.torbice.eu\/izdelek\/set-torbic-bella-mornarska-siva\/"},"modified":"2020-08-02T17:33:38","modified_gmt":"2020-08-02T15:33:38","slug":"set-torbic-bella-mornarska-siva","status":"publish","type":"product","link":"https:\/\/www.torbice.eu\/hr\/izdelek\/set-torbic-bella-mornarska-siva\/","title":{"rendered":"Set torbic Bella mornarska\/siva"},"content":{"rendered":"<p>\u017delite li torbu koju lako mo\u017eete promijeniti u drugu boju?<\/p>\n<ul>\n<li>Dimenzije: 28 x 34 x 14 cm<\/li>\n<li>Visina ru\u010dke: 25 cm<\/li>\n<li>Glatka vanj\u0161tina i idealan dizajn za svaki dan<\/li>\n<li>Torba uklju\u010duje jo\u0161 manju vre\u0107icu u koju stavljate manje i vrijedne stvari<\/li>\n<li>Prostrani interijer\u017e<\/li>\n<li>Zatvaranje petlje<\/li>\n<li>Torba koju lako mo\u017eete prebaciti iz mornarske u sivu, jer je mo\u017eete nositi s obje strane.<\/li>\n<\/ul>\n","protected":false},"excerpt":{"rendered":"<p>\u017delite li torbu koju lako mo\u017eete promijeniti u drugu boju? Dimenzije: 28 x 34 x 14 cm Visina ru\u010dke: 25 cm Glatka vanj\u0161tina i idealan dizajn za svaki dan Torba uklju\u010duje jo\u0161 manju vre\u0107icu u koju stavljate manje i vrijedne stvari Prostrani interijer\u017e Zatvaranje petlje Torba koju lako mo\u017eete prebaciti iz mornarske u sivu, jer [&#8230;]\n","protected":false},"featured_media":12819,"comment_status":"open","ping_status":"closed","template":"","meta":[],"product_brand":[],"product_cat":[42],"product_tag":[],"yst_prominent_words":[],"class_list":{"0":"post-12851","1":"product","2":"type-product","3":"status-publish","4":"has-post-thumbnail","6":"product_cat-zenske-torbe","8":"first","9":"instock","10":"sale","11":"taxable","12":"shipping-taxable","13":"purchasable","14":"product-type-simple"},"_links":{"self":[{"href":"https:\/\/www.torbice.eu\/hr\/wp-json\/wp\/v2\/product\/12851","targetHints":{"allow":["GET"]}}],"collection":[{"href":"https:\/\/www.torbice.eu\/hr\/wp-json\/wp\/v2\/product"}],"about":[{"href":"https:\/\/www.torbice.eu\/hr\/wp-json\/wp\/v2\/types\/product"}],"replies":[{"embeddable":true,"href":"https:\/\/www.torbice.eu\/hr\/wp-json\/wp\/v2\/comments?post=12851"}],"wp:featuredmedia":[{"embeddable":true,"href":"https:\/\/www.torbice.eu\/hr\/wp-json\/wp\/v2\/media\/12819"}],"wp:attachment":[{"href":"https:\/\/www.torbice.eu\/hr\/wp-json\/wp\/v2\/media?parent=12851"}],"wp:term":[{"taxonomy":"product_brand","embeddable":true,"href":"https:\/\/www.torbice.eu\/hr\/wp-json\/wp\/v2\/product_brand?post=12851"},{"taxonomy":"product_cat","embeddable":true,"href":"https:\/\/www.torbice.eu\/hr\/wp-json\/wp\/v2\/product_cat?post=12851"},{"taxonomy":"product_tag","embeddable":true,"href":"https:\/\/www.torbice.eu\/hr\/wp-json\/wp\/v2\/product_tag?post=12851"},{"taxonomy":"yst_prominent_words","embeddable":true,"href":"https:\/\/www.torbice.eu\/hr\/wp-json\/wp\/v2\/yst_prominent_words?post=12851"}],"curies":[{"name":"wp","href":"https:\/\/api.w.org\/{rel}","templated":true}]}}