{"id":104,"date":"2019-05-08T21:47:00","date_gmt":"2019-05-08T19:47:00","guid":{"rendered":"http:\/\/dev.torbice.eu\/?post_type=product&#038;p=104"},"modified":"2021-04-23T16:17:31","modified_gmt":"2021-04-23T14:17:31","slug":"vecerna-torbica-tilly-beige","status":"publish","type":"product","link":"https:\/\/www.torbice.eu\/hr\/izdelek\/vecerna-torbica-tilly-beige\/","title":{"rendered":"Ve\u010derna torbica Tilly Beige"},"content":{"rendered":"<p>Dame, \u010das je da gremo malo ven! Hmm, potrebna bo ena ve\u010derna torbica, kajne? No tukaj je pre\u010dudovita ve\u010derna be\u017e torbica (P.S., primerna je tudi za dnevno no\u0161njo seveda!). Poda se k skoraj vsaki opravi, saj je narejena zelo elegantno, posebno! Vam je v\u0161e\u010d?<\/p>\n","protected":false},"excerpt":{"rendered":"<p>Dame, \u010das je da gremo malo ven! Hmm, potrebna bo ena ve\u010derna torbica, kajne? No tukaj je pre\u010dudovita ve\u010derna be\u017e torbica (P.S., primerna je tudi za dnevno no\u0161njo seveda!). Poda se k skoraj vsaki opravi, saj je narejena zelo elegantno, posebno! Vam je v\u0161e\u010d?<\/p>\n","protected":false},"featured_media":2721,"comment_status":"open","ping_status":"closed","template":"","meta":[],"product_brand":[],"product_cat":[30,20],"product_tag":[],"yst_prominent_words":[],"class_list":{"0":"post-104","1":"product","2":"type-product","3":"status-publish","4":"has-post-thumbnail","6":"product_cat-outlet","7":"product_cat-vecerne-torbice","9":"first","10":"instock","11":"sale","12":"taxable","13":"shipping-taxable","14":"purchasable","15":"product-type-simple"},"_links":{"self":[{"href":"https:\/\/www.torbice.eu\/hr\/wp-json\/wp\/v2\/product\/104","targetHints":{"allow":["GET"]}}],"collection":[{"href":"https:\/\/www.torbice.eu\/hr\/wp-json\/wp\/v2\/product"}],"about":[{"href":"https:\/\/www.torbice.eu\/hr\/wp-json\/wp\/v2\/types\/product"}],"replies":[{"embeddable":true,"href":"https:\/\/www.torbice.eu\/hr\/wp-json\/wp\/v2\/comments?post=104"}],"wp:featuredmedia":[{"embeddable":true,"href":"https:\/\/www.torbice.eu\/hr\/wp-json\/wp\/v2\/media\/2721"}],"wp:attachment":[{"href":"https:\/\/www.torbice.eu\/hr\/wp-json\/wp\/v2\/media?parent=104"}],"wp:term":[{"taxonomy":"product_brand","embeddable":true,"href":"https:\/\/www.torbice.eu\/hr\/wp-json\/wp\/v2\/product_brand?post=104"},{"taxonomy":"product_cat","embeddable":true,"href":"https:\/\/www.torbice.eu\/hr\/wp-json\/wp\/v2\/product_cat?post=104"},{"taxonomy":"product_tag","embeddable":true,"href":"https:\/\/www.torbice.eu\/hr\/wp-json\/wp\/v2\/product_tag?post=104"},{"taxonomy":"yst_prominent_words","embeddable":true,"href":"https:\/\/www.torbice.eu\/hr\/wp-json\/wp\/v2\/yst_prominent_words?post=104"}],"curies":[{"name":"wp","href":"https:\/\/api.w.org\/{rel}","templated":true}]}}