{"id":100,"date":"2019-05-08T21:37:38","date_gmt":"2019-05-08T19:37:38","guid":{"rendered":"http:\/\/dev.torbice.eu\/?post_type=product&#038;p=100"},"modified":"2021-04-23T16:12:46","modified_gmt":"2021-04-23T14:12:46","slug":"vecerna-torbica-missy-rjava","status":"publish","type":"product","link":"https:\/\/www.torbice.eu\/hr\/izdelek\/vecerna-torbica-missy-rjava\/","title":{"rendered":"Ve\u010derna torbica Missy Rjava"},"content":{"rendered":"<p>Dame, \u010das je da gremo malo ven! Hmm, potrebna bo ena ve\u010derna torbica, kajne? No tukaj je pre\u010dudovita ve\u010derna rjava torbica, ki se poda skoraj k vsaki ve\u010derni opravi, saj kot vemo je rjava tudi dokaj unikatna barva, ki se poda k marsikateri barvi. Tudi notranjost je rjavkaste barve, zraven pa je tudi pa\u0161\u010dek, da lahko nosite torbico na ramenih ali pa ga preprosto odpnete in prostoro\u010dno nosite torbico brez pa\u0161\u010dka.<\/p>\n<p>Mere so razvidne na prilo\u017eeni fotografiji.<\/p>\n","protected":false},"excerpt":{"rendered":"<p>Dame, \u010das je da gremo malo ven! Hmm, potrebna bo ena ve\u010derna torbica, kajne? No tukaj je pre\u010dudovita ve\u010derna rjava torbica, ki se poda skoraj k vsaki ve\u010derni opravi, saj kot vemo je rjava tudi dokaj unikatna barva, ki se poda k marsikateri barvi. Tudi notranjost je rjavkaste barve, zraven pa je tudi pa\u0161\u010dek, da lahko nosite torbico na ramenih ali pa ga preprosto odpnete in prostoro\u010dno nosite torbico brez pa\u0161\u010dka.<\/p>\n","protected":false},"featured_media":2722,"comment_status":"open","ping_status":"closed","template":"","meta":[],"product_brand":[],"product_cat":[30,20],"product_tag":[],"yst_prominent_words":[],"class_list":{"0":"post-100","1":"product","2":"type-product","3":"status-publish","4":"has-post-thumbnail","6":"product_cat-outlet","7":"product_cat-vecerne-torbice","9":"first","10":"instock","11":"sale","12":"taxable","13":"shipping-taxable","14":"purchasable","15":"product-type-simple"},"_links":{"self":[{"href":"https:\/\/www.torbice.eu\/hr\/wp-json\/wp\/v2\/product\/100","targetHints":{"allow":["GET"]}}],"collection":[{"href":"https:\/\/www.torbice.eu\/hr\/wp-json\/wp\/v2\/product"}],"about":[{"href":"https:\/\/www.torbice.eu\/hr\/wp-json\/wp\/v2\/types\/product"}],"replies":[{"embeddable":true,"href":"https:\/\/www.torbice.eu\/hr\/wp-json\/wp\/v2\/comments?post=100"}],"wp:featuredmedia":[{"embeddable":true,"href":"https:\/\/www.torbice.eu\/hr\/wp-json\/wp\/v2\/media\/2722"}],"wp:attachment":[{"href":"https:\/\/www.torbice.eu\/hr\/wp-json\/wp\/v2\/media?parent=100"}],"wp:term":[{"taxonomy":"product_brand","embeddable":true,"href":"https:\/\/www.torbice.eu\/hr\/wp-json\/wp\/v2\/product_brand?post=100"},{"taxonomy":"product_cat","embeddable":true,"href":"https:\/\/www.torbice.eu\/hr\/wp-json\/wp\/v2\/product_cat?post=100"},{"taxonomy":"product_tag","embeddable":true,"href":"https:\/\/www.torbice.eu\/hr\/wp-json\/wp\/v2\/product_tag?post=100"},{"taxonomy":"yst_prominent_words","embeddable":true,"href":"https:\/\/www.torbice.eu\/hr\/wp-json\/wp\/v2\/yst_prominent_words?post=100"}],"curies":[{"name":"wp","href":"https:\/\/api.w.org\/{rel}","templated":true}]}}