{"id":7412,"date":"2020-01-27T13:02:51","date_gmt":"2020-01-27T12:02:51","guid":{"rendered":"https:\/\/www.torbice.eu\/?page_id=7412"},"modified":"2020-01-27T13:17:33","modified_gmt":"2020-01-27T12:17:33","slug":"nacini-placanja","status":"publish","type":"page","link":"https:\/\/www.torbice.eu\/hr\/nacini-placanja\/","title":{"rendered":"Na\u010dini pla\u0107anja"},"content":{"rendered":"<p><strong>U trgovini torbice.eu mo\u017eete odabrati izme\u0111u sljede\u0107ih na\u010dina pla\u0107anja:<\/strong><\/p>\n<ul>\n<li>Pla\u0107anje putem UPN ra\u010duna (bankovnim prijenosom).<\/li>\n<li>Gotovina uz dostavu. Uplatu pla\u0107ate kurirom GLS.<\/li>\n<li>Pla\u0107anje putem PayPala. (Ako nemate PayPal ra\u010dun, ovaj sustav mo\u017eete koristiti i za pla\u0107anje kreditnom karticom.)<\/li>\n<\/ul>\n<p>&nbsp;<\/p>\n<p><strong>Pla\u0107anje putem UPN ra\u010duna (bankovnim prijenosom):<\/strong><\/p>\n<p>Proizvode mo\u017eete platiti putem bilo koje internetske banke. Nakon potvrde va\u0161e narud\u017ebe, pru\u017eit \u0107emo vam sve potrebne podatke kako biste dovr\u0161ili va\u0161 nalog za pla\u0107anje (UPN).<\/p>\n<p>Narud\u017eba \u0107e biti poslana kad primimo uplatu na na\u0161 bankovni ra\u010dun.<\/p>\n<p>Sve nepla\u0107ene narud\u017ebe automatski se bri\u0161u nakon 48 sati.<\/p>\n<p>&nbsp;<\/p>\n<p><strong>Pla\u0107anje po primitku:<\/strong><\/p>\n<p>Kada platite dostavu, naru\u010dene proizvode pla\u0107ate kurirskom slu\u017ebom dostave GLS u gotovini.<\/p>\n<p>&nbsp;<\/p>\n<p><strong>Pla\u0107anje putem PayPala:<\/strong><\/p>\n<p>Ako se odlu\u010dite za pla\u0107anje putem Paypala, sustav \u0107e vas automatski preusmjeriti na stranicu PayPal na kojoj se registrirate i pla\u0107ate za svoje naru\u010dene proizvode. Ako nemate PayPal ra\u010dun, lako mo\u017eete platiti svojom kreditnom ili debitnom karticom.<\/p>\n","protected":false},"excerpt":{"rendered":"<p>U trgovini torbice.eu mo\u017eete odabrati izme\u0111u sljede\u0107ih na\u010dina pla\u0107anja: Pla\u0107anje putem UPN ra\u010duna (bankovnim prijenosom). Gotovina uz dostavu. Uplatu pla\u0107ate kurirom GLS. Pla\u0107anje putem PayPala. (Ako nemate PayPal ra\u010dun, ovaj sustav mo\u017eete koristiti i za pla\u0107anje kreditnom karticom.) &nbsp; Pla\u0107anje putem UPN ra\u010duna (bankovnim prijenosom): Proizvode mo\u017eete platiti putem bilo koje internetske banke. Nakon potvrde [&#8230;]\n","protected":false},"author":1,"featured_media":0,"parent":0,"menu_order":0,"comment_status":"closed","ping_status":"closed","template":"","meta":{"footnotes":""},"yst_prominent_words":[],"class_list":["post-7412","page","type-page","status-publish","hentry"],"_links":{"self":[{"href":"https:\/\/www.torbice.eu\/hr\/wp-json\/wp\/v2\/pages\/7412","targetHints":{"allow":["GET"]}}],"collection":[{"href":"https:\/\/www.torbice.eu\/hr\/wp-json\/wp\/v2\/pages"}],"about":[{"href":"https:\/\/www.torbice.eu\/hr\/wp-json\/wp\/v2\/types\/page"}],"author":[{"embeddable":true,"href":"https:\/\/www.torbice.eu\/hr\/wp-json\/wp\/v2\/users\/1"}],"replies":[{"embeddable":true,"href":"https:\/\/www.torbice.eu\/hr\/wp-json\/wp\/v2\/comments?post=7412"}],"version-history":[{"count":2,"href":"https:\/\/www.torbice.eu\/hr\/wp-json\/wp\/v2\/pages\/7412\/revisions"}],"predecessor-version":[{"id":7419,"href":"https:\/\/www.torbice.eu\/hr\/wp-json\/wp\/v2\/pages\/7412\/revisions\/7419"}],"wp:attachment":[{"href":"https:\/\/www.torbice.eu\/hr\/wp-json\/wp\/v2\/media?parent=7412"}],"wp:term":[{"taxonomy":"yst_prominent_words","embeddable":true,"href":"https:\/\/www.torbice.eu\/hr\/wp-json\/wp\/v2\/yst_prominent_words?post=7412"}],"curies":[{"name":"wp","href":"https:\/\/api.w.org\/{rel}","templated":true}]}}