{"id":7406,"date":"2020-01-27T12:56:28","date_gmt":"2020-01-27T11:56:28","guid":{"rendered":"https:\/\/www.torbice.eu\/?page_id=7406"},"modified":"2020-04-07T07:54:44","modified_gmt":"2020-04-07T05:54:44","slug":"dostava","status":"publish","type":"page","link":"https:\/\/www.torbice.eu\/hr\/dostava\/","title":{"rendered":"Dostava"},"content":{"rendered":"<p><strong>GLS isporu\u010duje na\u0161e pakete.<\/strong><\/p>\n<p>Sve narud\u017ebe poslane do 16 sati isporu\u010duju se isti dan, a u ve\u0107ini slu\u010dajeva isporu\u010duju se sljede\u0107i radni dan.<\/p>\n<p>Kada je va\u0161a narud\u017eba zapakirana i spremna za isporuku u GLS, obavijestit \u0107emo vas e-po\u0161tom ili SMS-om.<\/p>\n<p>Ako adresu ne primite u trenutku isporuke, u po\u0161tanskom sandu\u010di\u0107u primit \u0107ete obavijest sa svim pojedinostima o preuzimanju paketa.<\/p>\n<p>Ako va\u0161a narud\u017eba kasni s isporukom, molimo Vas da nas obavijestite putem e-maila podpora@torbice.eu ili nas nazovite na +386 64 288 499.<\/p>\n<p>&nbsp;<\/p>\n<p><strong>Tro\u0161kovi dostave:<\/strong><\/p>\n<p>Dostava ko\u0161ta 43.92 kn, ako kupite vi\u0161e od 380 kn, mi \u0107emo vam pokriti dostavu i besplatna je za vas.<\/p>\n","protected":false},"excerpt":{"rendered":"<p>GLS isporu\u010duje na\u0161e pakete. Sve narud\u017ebe poslane do 16 sati isporu\u010duju se isti dan, a u ve\u0107ini slu\u010dajeva isporu\u010duju se sljede\u0107i radni dan. Kada je va\u0161a narud\u017eba zapakirana i spremna za isporuku u GLS, obavijestit \u0107emo vas e-po\u0161tom ili SMS-om. Ako adresu ne primite u trenutku isporuke, u po\u0161tanskom sandu\u010di\u0107u primit \u0107ete obavijest sa svim [&#8230;]\n","protected":false},"author":1,"featured_media":0,"parent":0,"menu_order":0,"comment_status":"closed","ping_status":"closed","template":"","meta":{"footnotes":""},"yst_prominent_words":[],"class_list":["post-7406","page","type-page","status-publish","hentry"],"_links":{"self":[{"href":"https:\/\/www.torbice.eu\/hr\/wp-json\/wp\/v2\/pages\/7406","targetHints":{"allow":["GET"]}}],"collection":[{"href":"https:\/\/www.torbice.eu\/hr\/wp-json\/wp\/v2\/pages"}],"about":[{"href":"https:\/\/www.torbice.eu\/hr\/wp-json\/wp\/v2\/types\/page"}],"author":[{"embeddable":true,"href":"https:\/\/www.torbice.eu\/hr\/wp-json\/wp\/v2\/users\/1"}],"replies":[{"embeddable":true,"href":"https:\/\/www.torbice.eu\/hr\/wp-json\/wp\/v2\/comments?post=7406"}],"version-history":[{"count":4,"href":"https:\/\/www.torbice.eu\/hr\/wp-json\/wp\/v2\/pages\/7406\/revisions"}],"predecessor-version":[{"id":7964,"href":"https:\/\/www.torbice.eu\/hr\/wp-json\/wp\/v2\/pages\/7406\/revisions\/7964"}],"wp:attachment":[{"href":"https:\/\/www.torbice.eu\/hr\/wp-json\/wp\/v2\/media?parent=7406"}],"wp:term":[{"taxonomy":"yst_prominent_words","embeddable":true,"href":"https:\/\/www.torbice.eu\/hr\/wp-json\/wp\/v2\/yst_prominent_words?post=7406"}],"curies":[{"name":"wp","href":"https:\/\/api.w.org\/{rel}","templated":true}]}}