{"id":7392,"date":"2020-01-27T12:37:23","date_gmt":"2020-01-27T11:37:23","guid":{"rendered":"https:\/\/www.torbice.eu\/?page_id=7392"},"modified":"2020-01-27T12:37:23","modified_gmt":"2020-01-27T11:37:23","slug":"kontakt","status":"publish","type":"page","link":"https:\/\/www.torbice.eu\/hr\/kontakt\/","title":{"rendered":"Kontakt"},"content":{"rendered":"<p><strong>Imate vpra\u0161anje? Potrebujete nasvet? Veseli bomo va\u0161ega klica ali e-maila.<\/strong><\/p>\n<p>Tel : +386 64 288 499<\/p>\n<p>E-mail: podpora@torbice.eu<\/p>\n<p><strong>Delovni \u010das klicnega centra:<\/strong><\/p>\n<p>Ponedeljek \u2013 Petek: 08:00 \u2013 18:00<\/p>\n<p>Sobota: 08:00 \u2013 12:00<\/p>\n<p>Ob nedeljah in praznikih na telefonsko \u0161tevilko nismo dosegljivi, veseli pa bomo va\u0161ega e-maila in odgovorili vam bomo v najkraj\u0161em mo\u017enem \u010dasu.<\/p>\n","protected":false},"excerpt":{"rendered":"<p>Imate vpra\u0161anje? Potrebujete nasvet? Veseli bomo va\u0161ega klica ali e-maila. Tel : +386 64 288 499 E-mail: podpora@torbice.eu Delovni \u010das klicnega centra: Ponedeljek \u2013 Petek: 08:00 \u2013 18:00 Sobota: 08:00 \u2013 12:00 Ob nedeljah in praznikih na telefonsko \u0161tevilko nismo dosegljivi, veseli pa bomo va\u0161ega e-maila in odgovorili vam bomo v najkraj\u0161em mo\u017enem \u010dasu.<\/p>\n","protected":false},"author":1,"featured_media":0,"parent":0,"menu_order":0,"comment_status":"closed","ping_status":"closed","template":"","meta":{"footnotes":""},"yst_prominent_words":[],"class_list":["post-7392","page","type-page","status-publish","hentry"],"_links":{"self":[{"href":"https:\/\/www.torbice.eu\/hr\/wp-json\/wp\/v2\/pages\/7392","targetHints":{"allow":["GET"]}}],"collection":[{"href":"https:\/\/www.torbice.eu\/hr\/wp-json\/wp\/v2\/pages"}],"about":[{"href":"https:\/\/www.torbice.eu\/hr\/wp-json\/wp\/v2\/types\/page"}],"author":[{"embeddable":true,"href":"https:\/\/www.torbice.eu\/hr\/wp-json\/wp\/v2\/users\/1"}],"replies":[{"embeddable":true,"href":"https:\/\/www.torbice.eu\/hr\/wp-json\/wp\/v2\/comments?post=7392"}],"version-history":[{"count":1,"href":"https:\/\/www.torbice.eu\/hr\/wp-json\/wp\/v2\/pages\/7392\/revisions"}],"predecessor-version":[{"id":7393,"href":"https:\/\/www.torbice.eu\/hr\/wp-json\/wp\/v2\/pages\/7392\/revisions\/7393"}],"wp:attachment":[{"href":"https:\/\/www.torbice.eu\/hr\/wp-json\/wp\/v2\/media?parent=7392"}],"wp:term":[{"taxonomy":"yst_prominent_words","embeddable":true,"href":"https:\/\/www.torbice.eu\/hr\/wp-json\/wp\/v2\/yst_prominent_words?post=7392"}],"curies":[{"name":"wp","href":"https:\/\/api.w.org\/{rel}","templated":true}]}}